{"id":315,"date":"2025-11-12T18:47:47","date_gmt":"2025-11-12T18:47:47","guid":{"rendered":"https:\/\/natei.cl\/?post_type=product&#038;p=315"},"modified":"2025-11-12T18:47:47","modified_gmt":"2025-11-12T18:47:47","slug":"d-tartar-de-salmon","status":"publish","type":"product","link":"https:\/\/natei.cl\/index.php\/producto\/d-tartar-de-salmon\/","title":{"rendered":"D &#8211; Tartar de salm\u00f3n"},"content":{"rendered":"<p>Finos cubos de salm\u00f3n, mango, palta, ciboulette marinados en salsa ahumada picante, furikake ralladura de lim\u00f3n y tostadas.<\/p>\n","protected":false},"excerpt":{"rendered":"<p>Finos cubos de salm\u00f3n, mango, palta, ciboulette marinados en salsa ahumada picante, furikake ralladura de lim\u00f3n y tostadas.<\/p>\n","protected":false},"featured_media":0,"comment_status":"open","ping_status":"closed","template":"","meta":{"_joinchat":[]},"product_brand":[],"product_cat":[20],"product_tag":[],"class_list":{"0":"post-315","1":"product","2":"type-product","3":"status-publish","5":"product_cat-sugerencias","7":"first","8":"instock","9":"shipping-taxable","10":"purchasable","11":"product-type-simple"},"_links":{"self":[{"href":"https:\/\/natei.cl\/index.php\/wp-json\/wp\/v2\/product\/315","targetHints":{"allow":["GET"]}}],"collection":[{"href":"https:\/\/natei.cl\/index.php\/wp-json\/wp\/v2\/product"}],"about":[{"href":"https:\/\/natei.cl\/index.php\/wp-json\/wp\/v2\/types\/product"}],"replies":[{"embeddable":true,"href":"https:\/\/natei.cl\/index.php\/wp-json\/wp\/v2\/comments?post=315"}],"wp:attachment":[{"href":"https:\/\/natei.cl\/index.php\/wp-json\/wp\/v2\/media?parent=315"}],"wp:term":[{"taxonomy":"product_brand","embeddable":true,"href":"https:\/\/natei.cl\/index.php\/wp-json\/wp\/v2\/product_brand?post=315"},{"taxonomy":"product_cat","embeddable":true,"href":"https:\/\/natei.cl\/index.php\/wp-json\/wp\/v2\/product_cat?post=315"},{"taxonomy":"product_tag","embeddable":true,"href":"https:\/\/natei.cl\/index.php\/wp-json\/wp\/v2\/product_tag?post=315"}],"curies":[{"name":"wp","href":"https:\/\/api.w.org\/{rel}","templated":true}]}}