{"id":318,"date":"2025-11-12T18:55:23","date_gmt":"2025-11-12T18:55:23","guid":{"rendered":"https:\/\/natei.cl\/?post_type=product&#038;p=318"},"modified":"2025-11-12T18:55:23","modified_gmt":"2025-11-12T18:55:23","slug":"14-ensalada-sashimi","status":"publish","type":"product","link":"https:\/\/natei.cl\/index.php\/producto\/14-ensalada-sashimi\/","title":{"rendered":"14 &#8211; Ensalada Sashimi"},"content":{"rendered":"<p>Cortes de Salm\u00f3n, camar\u00f3n, pulpo, at\u00fan, lechuga y palmito en ali\u00f1o especial.<\/p>\n","protected":false},"excerpt":{"rendered":"<p>Cortes de Salm\u00f3n, camar\u00f3n, pulpo, at\u00fan, lechuga y palmito en ali\u00f1o especial.<\/p>\n","protected":false},"featured_media":0,"comment_status":"open","ping_status":"closed","template":"","meta":{"_joinchat":[]},"product_brand":[],"product_cat":[21],"product_tag":[],"class_list":{"0":"post-318","1":"product","2":"type-product","3":"status-publish","5":"product_cat-ensaladas","7":"first","8":"instock","9":"shipping-taxable","10":"purchasable","11":"product-type-simple"},"_links":{"self":[{"href":"https:\/\/natei.cl\/index.php\/wp-json\/wp\/v2\/product\/318","targetHints":{"allow":["GET"]}}],"collection":[{"href":"https:\/\/natei.cl\/index.php\/wp-json\/wp\/v2\/product"}],"about":[{"href":"https:\/\/natei.cl\/index.php\/wp-json\/wp\/v2\/types\/product"}],"replies":[{"embeddable":true,"href":"https:\/\/natei.cl\/index.php\/wp-json\/wp\/v2\/comments?post=318"}],"wp:attachment":[{"href":"https:\/\/natei.cl\/index.php\/wp-json\/wp\/v2\/media?parent=318"}],"wp:term":[{"taxonomy":"product_brand","embeddable":true,"href":"https:\/\/natei.cl\/index.php\/wp-json\/wp\/v2\/product_brand?post=318"},{"taxonomy":"product_cat","embeddable":true,"href":"https:\/\/natei.cl\/index.php\/wp-json\/wp\/v2\/product_cat?post=318"},{"taxonomy":"product_tag","embeddable":true,"href":"https:\/\/natei.cl\/index.php\/wp-json\/wp\/v2\/product_tag?post=318"}],"curies":[{"name":"wp","href":"https:\/\/api.w.org\/{rel}","templated":true}]}}