{"id":328,"date":"2025-11-12T19:07:00","date_gmt":"2025-11-12T19:07:00","guid":{"rendered":"https:\/\/natei.cl\/?post_type=product&#038;p=328"},"modified":"2025-11-12T19:07:00","modified_gmt":"2025-11-12T19:07:00","slug":"23-gohan-natei","status":"publish","type":"product","link":"https:\/\/natei.cl\/index.php\/producto\/23-gohan-natei\/","title":{"rendered":"23 &#8211; Gohan Natei"},"content":{"rendered":"<p>Pulpo, at\u00fan, salm\u00f3n, camar\u00f3n, pi\u00f1a, palta, ceboll\u00edn y s\u00e9samo.<\/p>\n","protected":false},"excerpt":{"rendered":"<p>Pulpo, at\u00fan, salm\u00f3n, camar\u00f3n, pi\u00f1a, palta, ceboll\u00edn y s\u00e9samo.<\/p>\n","protected":false},"featured_media":0,"comment_status":"open","ping_status":"closed","template":"","meta":{"_joinchat":[]},"product_brand":[],"product_cat":[22],"product_tag":[],"class_list":{"0":"post-328","1":"product","2":"type-product","3":"status-publish","5":"product_cat-gohan-frio","7":"first","8":"instock","9":"shipping-taxable","10":"purchasable","11":"product-type-simple"},"_links":{"self":[{"href":"https:\/\/natei.cl\/index.php\/wp-json\/wp\/v2\/product\/328","targetHints":{"allow":["GET"]}}],"collection":[{"href":"https:\/\/natei.cl\/index.php\/wp-json\/wp\/v2\/product"}],"about":[{"href":"https:\/\/natei.cl\/index.php\/wp-json\/wp\/v2\/types\/product"}],"replies":[{"embeddable":true,"href":"https:\/\/natei.cl\/index.php\/wp-json\/wp\/v2\/comments?post=328"}],"wp:attachment":[{"href":"https:\/\/natei.cl\/index.php\/wp-json\/wp\/v2\/media?parent=328"}],"wp:term":[{"taxonomy":"product_brand","embeddable":true,"href":"https:\/\/natei.cl\/index.php\/wp-json\/wp\/v2\/product_brand?post=328"},{"taxonomy":"product_cat","embeddable":true,"href":"https:\/\/natei.cl\/index.php\/wp-json\/wp\/v2\/product_cat?post=328"},{"taxonomy":"product_tag","embeddable":true,"href":"https:\/\/natei.cl\/index.php\/wp-json\/wp\/v2\/product_tag?post=328"}],"curies":[{"name":"wp","href":"https:\/\/api.w.org\/{rel}","templated":true}]}}